{"id":3610,"date":"2025-08-28T20:58:07","date_gmt":"2025-08-28T20:58:07","guid":{"rendered":"https:\/\/balanced-body.ee\/product\/rialto-reformer\/"},"modified":"2026-04-13T07:49:25","modified_gmt":"2026-04-13T07:49:25","slug":"rialto-reformer","status":"publish","type":"product","link":"https:\/\/balanced-body.ee\/et\/rialto-reformer\/","title":{"rendered":"Rialto Reformer"},"content":{"rendered":"<p>Uus Rialto Reformer on Balanced Body spetsialistide poolt loodud masin, mis on m\u00f5eldud eelk\u00f5ige Pilates grupitundideks. See \u00fchendab endas 50 aasta jooksul arendatud k\u00f5rgeimad standardid disaini, j\u00f5udluse ja t\u00f6\u00f6 mugavuse osas, pakkudes samal ajal ainulaadset ja kaasaegset v\u00e4limust. Rialto Reformer sisaldab k\u00f5iki professionaalseks Pilates treeninguks vajalikke funktsioone, pakkudes samas atraktiivset raami disaini, mis on valmistatud vahtrapuust ja pulberv\u00e4rvitud alumiiniumkomponentidest.<\/p>\n<p>Rialto Reformer v\u00f5imaldab l\u00e4bi viia p\u00f5hjalikke individuaalseid ja grupitreeninguid ning t\u00e4nu reguleerimisv\u00f5imalustele tagab see seadme parima kohandamise iga kasutaja vajadustele. Kasutajad hindavad ka selle vaikset ja sujuvat t\u00f6\u00f6d, kiiret k\u00f6ite reguleerimist ning mugavat liuguri polsterdust.<\/p>\n<p>Rialto Reformeril on piiratud 5-aastane garantii raamile.<\/p>\n","protected":false},"excerpt":{"rendered":"<p>Erakordne reformer, millel on atraktiivne disain, \u00fchendades stiilse puidust raami antratsiithallide metalljalgadega. Soovitatav kasutamiseks Pilatese stuudiotes, eriti r\u00fchmatreeningute jaoks.<\/p>\n<ul>\n<li>Tugev ja stabiilne raam, k\u00e4sitsi valmistatud vahtrapuust, ekstrudeeritud ja kaetud alumiiniumist jalgadega<\/li>\n<li>Vaikne ja sujuv kelgu liikumine<\/li>\n<li>K\u00f5ige mugavam polsterdus, valmistatud \u00f5igesti vormitud vahust<\/li>\n<li>Reguleeritav jalatugi v\u00f5imaldab kiiresti muuta selle asendit ja kohandada iga kasutaja pikkuse j\u00e4rgi<\/li>\n<li>Piiratud 5-aastane garantii raamile<\/li>\n<\/ul>\n","protected":false},"featured_media":3617,"template":"","meta":{"_acf_changed":false,"_kad_post_transparent":"default","_kad_post_title":"","_kad_post_layout":"default","_kad_post_sidebar_id":"","_kad_post_content_style":"default","_kad_post_vertical_padding":"default","_kad_post_feature":"","_kad_post_feature_position":"","_kad_post_header":false,"_kad_post_footer":false,"_kad_post_classname":""},"product_brand":[],"product_cat":[123],"product_tag":[726,741,742],"class_list":{"0":"post-3610","1":"product","2":"type-product","3":"status-publish","4":"has-post-thumbnail","6":"product_cat-pilates-reformers","7":"product_tag-reformer-balanced-body","8":"product_tag-reformer-rialto","9":"product_tag-rialto-reformer","11":"first","12":"instock","13":"sold-individually","14":"shipping-taxable","15":"product-type-simple","16":"entry","17":"content-bg","18":"loop-entry"},"acf":[],"_links":{"self":[{"href":"https:\/\/balanced-body.ee\/et\/wp-json\/wp\/v2\/product\/3610","targetHints":{"allow":["GET"]}}],"collection":[{"href":"https:\/\/balanced-body.ee\/et\/wp-json\/wp\/v2\/product"}],"about":[{"href":"https:\/\/balanced-body.ee\/et\/wp-json\/wp\/v2\/types\/product"}],"wp:featuredmedia":[{"embeddable":true,"href":"https:\/\/balanced-body.ee\/et\/wp-json\/wp\/v2\/media\/3617"}],"wp:attachment":[{"href":"https:\/\/balanced-body.ee\/et\/wp-json\/wp\/v2\/media?parent=3610"}],"wp:term":[{"taxonomy":"product_brand","embeddable":true,"href":"https:\/\/balanced-body.ee\/et\/wp-json\/wp\/v2\/product_brand?post=3610"},{"taxonomy":"product_cat","embeddable":true,"href":"https:\/\/balanced-body.ee\/et\/wp-json\/wp\/v2\/product_cat?post=3610"},{"taxonomy":"product_tag","embeddable":true,"href":"https:\/\/balanced-body.ee\/et\/wp-json\/wp\/v2\/product_tag?post=3610"}],"curies":[{"name":"wp","href":"https:\/\/api.w.org\/{rel}","templated":true}]}}