{"id":3415,"date":"2025-08-29T10:04:25","date_gmt":"2025-08-29T10:04:25","guid":{"rendered":"https:\/\/balanced-body.ee\/product\/allegro-tower-of-power\/"},"modified":"2026-04-01T09:31:53","modified_gmt":"2026-04-01T09:31:53","slug":"allegro-2-tower-of-power","status":"publish","type":"product","link":"https:\/\/balanced-body.ee\/et\/allegro-2-tower-of-power\/","title":{"rendered":"Allegro 2 Tower of Power"},"content":{"rendered":"<p>Allegro 2 Tower of Power s\u00fcsteem pakub 95% Trapeze Table\u2019i (Cadillac) t\u00e4isfunktsionaalsusest, v\u00f5tmata seejuures lisaruumi. T\u00e4nu sellele erakordsele seadmele saad oma treeninguv\u00f5imalusi m\u00e4rkimisv\u00e4\u00e4rselt laiendada. Lisaks klassikalistele Pilatese harjutustele reformeril v\u00f5imaldab see teha lisaharjutusi integreeritud torni abil nii liikuval platvormil kui ka stabiilsel matil.<\/p>\n<p>See on ideaalne varustus mitmek\u00fclgseks professionaalseks Pilatese treeninguks ning ka koduseks kasutamiseks, eriti kui ruumi on piiratud. Elegantne viimistlus muudab seadme sobivaks igasse interj\u00f6\u00f6ri.<\/p>\n<p>Allegro 2 Tower of Power \u00fchendab endas k\u00f5ige intuitiivsema, vaiksema ja kasutajas\u00f5bralikuma reformeri koos pool-trapezi (torni) s\u00fcsteemiga, mis tagab sujuva ja mugava t\u00f6\u00f6. Komplektis olev matt v\u00f5imaldab klassikalise liikuva platvormiga seadme h\u00f5lpsasti muuta stabiilseks voodiks, samas kui jalad v\u00f5imaldavad reguleerida selle k\u00f5rgust.<\/p>\n<p>Allegro 2 Tower of Poweril on piiratud 10-aastane garantii raamile ja tornile.<\/p>\n","protected":false},"excerpt":{"rendered":"<p>Usaldusv\u00e4\u00e4rne Pilates-harjutuste s\u00fcsteem, mis \u00fchendab elegantse disaini mitmek\u00fclgsete treeninguv\u00f5imaluste, intuitiivse kasutamise ja sujuva t\u00f6\u00f6ga.<\/p>\n<ul>\n<li>Koosneb Allegro 2 Reformerist jalgadega, tornist ja stabiilsest matist<\/li>\n<li>Elegantne pulberv\u00e4rvitud alumiiniumraam vahtrapuidust komponentidega<\/li>\n<li>Reguleeritav EasySet jalatugi<\/li>\n<li>Ohutu torn on varustatud 29 vedrukinnituse punkti, varraste ja aasadega<\/li>\n<li>Mugav hoiustamine kasutamata vedrudele<\/li>\n<li>Reformeri raamile kohandatud matt, lihtne ja kiire paigaldada<\/li>\n<li>Piiratud 10-aastane garantii raamile ja tornile<\/li>\n<\/ul>\n","protected":false},"featured_media":3417,"template":"","meta":{"_acf_changed":false,"_kad_post_transparent":"default","_kad_post_title":"","_kad_post_layout":"default","_kad_post_sidebar_id":"","_kad_post_content_style":"default","_kad_post_vertical_padding":"default","_kad_post_feature":"","_kad_post_feature_position":"","_kad_post_header":false,"_kad_post_footer":false,"_kad_post_classname":""},"product_brand":[],"product_cat":[122],"product_tag":[676,664,677],"class_list":{"0":"post-3415","1":"product","2":"type-product","3":"status-publish","4":"has-post-thumbnail","6":"product_cat-pilates-reformers-with-tower","7":"product_tag-allegro-2-with-tower","8":"product_tag-allegro-tower-of-power","9":"product_tag-allegro-tower-of-power-balanced-body","11":"first","12":"instock","13":"sold-individually","14":"shipping-taxable","15":"product-type-simple","16":"entry","17":"content-bg","18":"loop-entry"},"acf":[],"_links":{"self":[{"href":"https:\/\/balanced-body.ee\/et\/wp-json\/wp\/v2\/product\/3415","targetHints":{"allow":["GET"]}}],"collection":[{"href":"https:\/\/balanced-body.ee\/et\/wp-json\/wp\/v2\/product"}],"about":[{"href":"https:\/\/balanced-body.ee\/et\/wp-json\/wp\/v2\/types\/product"}],"wp:featuredmedia":[{"embeddable":true,"href":"https:\/\/balanced-body.ee\/et\/wp-json\/wp\/v2\/media\/3417"}],"wp:attachment":[{"href":"https:\/\/balanced-body.ee\/et\/wp-json\/wp\/v2\/media?parent=3415"}],"wp:term":[{"taxonomy":"product_brand","embeddable":true,"href":"https:\/\/balanced-body.ee\/et\/wp-json\/wp\/v2\/product_brand?post=3415"},{"taxonomy":"product_cat","embeddable":true,"href":"https:\/\/balanced-body.ee\/et\/wp-json\/wp\/v2\/product_cat?post=3415"},{"taxonomy":"product_tag","embeddable":true,"href":"https:\/\/balanced-body.ee\/et\/wp-json\/wp\/v2\/product_tag?post=3415"}],"curies":[{"name":"wp","href":"https:\/\/api.w.org\/{rel}","templated":true}]}}