{"id":3135,"date":"2025-08-29T10:15:30","date_gmt":"2025-08-29T10:15:30","guid":{"rendered":"https:\/\/balanced-body.ee\/product\/wunda-chair\/"},"modified":"2026-03-03T08:53:57","modified_gmt":"2026-03-03T08:53:57","slug":"wunda-chair","status":"publish","type":"product","link":"https:\/\/balanced-body.ee\/et\/wunda-chair\/","title":{"rendered":"Wunda Chair"},"content":{"rendered":"<p>Lihtsasti kasutatav, mugav ja erakordselt vastupidav Pilates tool, mille on loonud Balanced Body spetsialistid, kasutades lahendusi, m\u00f5\u00f5tmeid ja disainielemente, mis p\u00e4rinevad enam kui 100 aastat tagasi Joseph Pilatese loodud esimesest toolist. See on taasloodud originaalse Wunda Chair\u2019i p\u00f5hjal, mille valmistas J. Pilates isiklikult ja mis kuulus tema \u00f5pilasele \u2013 Kathy Grantile.<\/p>\n<p>Tegemist on ainulaadse tooliga, millel on klassikaline disain ja suurus ning mis pakub k\u00f5ige laiemat vastupanude valikut \u00fche pedaaliga toolide seas. Varustatud kahe vedru ja \u00fche jalatoega, mille l\u00fchem kaugus istmest muudab teatud harjutuste sooritamise lihtsamaks, eriti madalama kasvuga kasutajate jaoks.<\/p>\n<p>Balanced Body Wunda Chair ei ole aga ainult tool, vaid t\u00e4ielik treenings\u00fcsteem. Selle p\u00f5hikomponenti saab h\u00f5lpsasti t\u00e4iendada valikuliste k\u00e4epidemete ja k\u00f5rge seljatoega, mis laiendavad treeningprogrammi ja suurendavad treeninguv\u00f5imalusi. Samal ajal on see \u00fcks mitmek\u00fclgsemaid, kuid kompaktseid lahendusi Pilates-harjutuste jaoks, mis on loodud nii, et seda saab mugavalt kasutada ka v\u00e4ikestes ruumides \u2013 v\u00e4ikestes stuudiotes v\u00f5i korterites.<\/p>\n<p>Wunda Chair s\u00fcsteemiga kaasneb piiratud 10-aastane garantii.<\/p>\n","protected":false},"excerpt":{"rendered":"<p>Klassikaline Pilates tool \u00fche jalapedaaliga, millel on lai vastupanu reguleerimise vahemik. Kompaktne, v\u00f5imaldades p\u00f5hjalikku treeningut ka v\u00e4ikesel pinnal.<\/p>\n<ul>\n<li>\u00dcksik jalapedaal<\/li>\n<li>K\u00f5ige laiem vastupanude vahemik \u00fche pedaaliga toolide seas \u2013 kuni 83 kg<\/li>\n<li>Tugev puidust raam v\u00e4ljal\u00f5igatud k\u00e4epidemetega<\/li>\n<li>Patenteeritud Cactus Resistance System tagab ohutuse ja lihtsa kasutamise<\/li>\n<li>Valikulised reguleeritava k\u00f5rgusega k\u00e4epidemed<\/li>\n<li>Valikuline k\u00f5rge seljatugi, mida saab kinnitada<\/li>\n<li>10-aastane piiratud garantii<\/li>\n<\/ul>\n","protected":false},"featured_media":3137,"template":"","meta":{"_acf_changed":false,"_kad_post_transparent":"default","_kad_post_title":"","_kad_post_layout":"default","_kad_post_sidebar_id":"","_kad_post_content_style":"default","_kad_post_vertical_padding":"default","_kad_post_feature":"","_kad_post_feature_position":"","_kad_post_header":false,"_kad_post_footer":false,"_kad_post_classname":""},"product_brand":[],"product_cat":[128],"product_tag":[487,488,489],"class_list":{"0":"post-3135","1":"product","2":"type-product","3":"status-publish","4":"has-post-thumbnail","6":"product_cat-pilates-chairs","7":"product_tag-balanced-body-chair","8":"product_tag-chair-wunda","9":"product_tag-wunda-chair","11":"first","12":"instock","13":"sold-individually","14":"shipping-taxable","15":"product-type-simple","16":"entry","17":"content-bg","18":"loop-entry"},"acf":[],"_links":{"self":[{"href":"https:\/\/balanced-body.ee\/et\/wp-json\/wp\/v2\/product\/3135","targetHints":{"allow":["GET"]}}],"collection":[{"href":"https:\/\/balanced-body.ee\/et\/wp-json\/wp\/v2\/product"}],"about":[{"href":"https:\/\/balanced-body.ee\/et\/wp-json\/wp\/v2\/types\/product"}],"wp:featuredmedia":[{"embeddable":true,"href":"https:\/\/balanced-body.ee\/et\/wp-json\/wp\/v2\/media\/3137"}],"wp:attachment":[{"href":"https:\/\/balanced-body.ee\/et\/wp-json\/wp\/v2\/media?parent=3135"}],"wp:term":[{"taxonomy":"product_brand","embeddable":true,"href":"https:\/\/balanced-body.ee\/et\/wp-json\/wp\/v2\/product_brand?post=3135"},{"taxonomy":"product_cat","embeddable":true,"href":"https:\/\/balanced-body.ee\/et\/wp-json\/wp\/v2\/product_cat?post=3135"},{"taxonomy":"product_tag","embeddable":true,"href":"https:\/\/balanced-body.ee\/et\/wp-json\/wp\/v2\/product_tag?post=3135"}],"curies":[{"name":"wp","href":"https:\/\/api.w.org\/{rel}","templated":true}]}}