{"id":2955,"date":"2025-08-29T10:51:01","date_gmt":"2025-08-29T10:51:01","guid":{"rendered":"https:\/\/balanced-body.ee\/product\/contrology-neck-stretcher\/"},"modified":"2026-03-04T09:41:55","modified_gmt":"2026-03-04T09:41:55","slug":"contrology-neck-stretcher","status":"publish","type":"product","link":"https:\/\/balanced-body.ee\/et\/contrology-neck-stretcher\/","title":{"rendered":"Contrology Neck Stretcher"},"content":{"rendered":"<p>Nii poksija kui ka v\u00f5imlejana p\u00f6\u00f6ras Joseph Pilates erilist t\u00e4helepanu selja- ja l\u00fclisambalihaste tugevdamise ja pikendamise vajadusele. Ta kavandas ja l\u00f5i lisavarustust, mis v\u00f5imaldab sooritada kaelal\u00fclide ja selgroolihaste edasij\u00f5udnutele m\u00f5eldud treeninguid Cadillacil. Contrology Neck Stretcher on selle algse disaini ideaalne taaslooming, mis laiendab v\u00f5imalusi ja lisab mitmekesisust kogenud Pilatese praktiseerijate treeningutesse.<\/p>\n<p>Contrology Neck Stretcher on valmistatud k\u00f5rgekvaliteedilisest, vastupidavast ja tugevast galvaniseeritud roostevabast terasest, mis tagab seadme vastupidavuse ja tugevuse. Balanced Body poolt loodud seade on ainus turul, millel on eemaldatav peapael, mis v\u00f5imaldab seda h\u00f5lpsasti puhastada.<\/p>\n<p>Contrology Neck Stretcher\u2019i vedru on v\u00e4ga suure vastupanuga, taludes ka k\u00f5ige intensiivsemaid treeninguid. See on m\u00f5eldud edasij\u00f5udnud ja kogenud inimestele, kes on aastaid praktiseerinud Joseph Pilatese treeningmeetodit.<\/p>\n<p>Treeningu eesm\u00e4rk Contrology Neck Stretcher\u2019iga on tugevdada ja venitada kaela-, selja- ja l\u00fclisambalihaseid ning stabiliseerida l\u00fclisammast, mis tagab pikaajalised tulemused \u00f5ige kehahoiaku s\u00e4ilitamisel. Lisaks aitab see v\u00e4hendada pingeid l\u00fclisamba \u00fclaosas, samuti kaelas ja \u00f5lgades, mis on p\u00f5hjustatud meie t\u00e4nap\u00e4evasest eluviisist.<\/p>\n<p>Contrology Neck Stretcher\u2019ile kehtib piiratud eluaegne garantii.<\/p>\n","protected":false},"excerpt":{"rendered":"<p>Kavandatud Contrology Cadillac&#8217;i k\u00f5ige kogenumatele kasutajatele. Selle disain taasloob t\u00e4iuslikult Joe Pilatese loodud seadme kaela- ja \u00fclaseljalihaste treenimiseks.<\/p>\n<ul>\n<li>Tugevdab ja venitab kaelalihaseid<\/li>\n<li>Leevendab pinget ning tugevdab kaela-, selja- ja l\u00fclisambalihaseid<\/li>\n<li>Parandab kehahoiakut, pea ja kaela joondust, stabiliseerib l\u00fclisamba<\/li>\n<li>Lihtne puhastada<\/li>\n<li>Eemaldatav rihm, mis on valmistatud pehmest ja vastupidavast puuvillast<\/li>\n<li>Vastupidav vedru v\u00e4ga suure takistusega<\/li>\n<li>Professionaalseks kasutamiseks Contrology Cadillac treeningu ajal<\/li>\n<li>Piiratud eluaegne garantii<\/li>\n<\/ul>\n","protected":false},"featured_media":2956,"template":"","meta":{"_acf_changed":false,"_kad_post_transparent":"default","_kad_post_title":"","_kad_post_layout":"default","_kad_post_sidebar_id":"","_kad_post_content_style":"default","_kad_post_vertical_padding":"default","_kad_post_feature":"","_kad_post_feature_position":"","_kad_post_header":false,"_kad_post_footer":false,"_kad_post_classname":""},"product_brand":[],"product_cat":[127],"product_tag":[407,821,822],"class_list":{"0":"post-2955","1":"product","2":"type-product","3":"status-publish","4":"has-post-thumbnail","6":"product_cat-contrology-accessories","7":"product_tag-contrology","8":"product_tag-contrology-neck-stretcher","9":"product_tag-neck-stretcher","11":"first","12":"instock","13":"sold-individually","14":"shipping-taxable","15":"product-type-simple","16":"entry","17":"content-bg","18":"loop-entry"},"acf":[],"_links":{"self":[{"href":"https:\/\/balanced-body.ee\/et\/wp-json\/wp\/v2\/product\/2955","targetHints":{"allow":["GET"]}}],"collection":[{"href":"https:\/\/balanced-body.ee\/et\/wp-json\/wp\/v2\/product"}],"about":[{"href":"https:\/\/balanced-body.ee\/et\/wp-json\/wp\/v2\/types\/product"}],"wp:featuredmedia":[{"embeddable":true,"href":"https:\/\/balanced-body.ee\/et\/wp-json\/wp\/v2\/media\/2956"}],"wp:attachment":[{"href":"https:\/\/balanced-body.ee\/et\/wp-json\/wp\/v2\/media?parent=2955"}],"wp:term":[{"taxonomy":"product_brand","embeddable":true,"href":"https:\/\/balanced-body.ee\/et\/wp-json\/wp\/v2\/product_brand?post=2955"},{"taxonomy":"product_cat","embeddable":true,"href":"https:\/\/balanced-body.ee\/et\/wp-json\/wp\/v2\/product_cat?post=2955"},{"taxonomy":"product_tag","embeddable":true,"href":"https:\/\/balanced-body.ee\/et\/wp-json\/wp\/v2\/product_tag?post=2955"}],"curies":[{"name":"wp","href":"https:\/\/api.w.org\/{rel}","templated":true}]}}