{"id":2915,"date":"2025-08-29T10:51:56","date_gmt":"2025-08-29T10:51:56","guid":{"rendered":"https:\/\/balanced-body.ee\/product\/spring-circle\/"},"modified":"2026-03-04T10:14:38","modified_gmt":"2026-03-04T10:14:38","slug":"spring-circle","status":"publish","type":"product","link":"https:\/\/balanced-body.ee\/et\/spring-circle\/","title":{"rendered":"Spring Circle"},"content":{"rendered":"<p>Balanced Body Spring Circle on ustav koopia Magic Circle\u2019ist, mille l\u00f5i Joseph Pilates. K\u00e4sitsi valmistatud kvaliteetsest karastatud vedruterasest, iseloomustab seda t\u00e4psus ja vastupidavus. Polsterdatud puidust k\u00e4epidemed lisavad mugavust, parandavad esteetikat ja tagavad kindla haarde treeningu ajal. Spring Circle\u2019i l\u00e4bim\u00f5\u00f5t on 42 cm, mis teeb sellest sobiva vahendi mitmesugusteks Pilatese harjutusteks. Metallr\u00f5nga lisatakistus ja kaal esitavad v\u00e4ljakutse klassikalise Pilatese harrastajatele, v\u00f5imaldades intensiivsemaid ja keskendunumaid treeninguid.<\/p>\n<p>S\u00f5ltuvalt mudelist on Balanced Body Spring Circle varustatud 2, 3 v\u00f5i 4 vedruterasest r\u00f5ngaga. Mida rohkem metallr\u00f5ngaid, seda suurem on takistus ja Spring Circle\u2019i kaal, mis v\u00f5imaldab treeningu intensiivsust kohandada vastavalt individuaalsele eelistusele ja tasemele.<\/p>\n<p>Seda vahendit kasutades saavad Pilatese harrastajad sooritada klassikalisi harjutusi lisatakistusega, mis soodustab lihaste tugevdamist ja parandab \u00fcldist f\u00fc\u00fcsilist vormi. Balanced Body Spring Circle on t\u00f5hus abivahend neile, kes soovivad rikastada oma Pilatese treeningut vastupanu ja kaaluga seotud v\u00e4ljakutsetega.<\/p>\n<p>Spring Circle tuleb koos 1-aastase piiratud eluaegse garantiiga.<\/p>\n","protected":false},"excerpt":{"rendered":"<p>Klassikaline vastupanutringi, mis on Joe Pilatese algse disaini reprodutseering, valmistatud karastatud terasest ja varustatud kahe mugava k\u00e4epidemega. Toode on saadaval kolmes erinevas vastupanutasemes, et kohanduda kasutaja vajaduste ja treeningut\u00fc\u00fcbiga.<\/p>\n<ul>\n<li>Lisavarustus matil ja Reformeril treenimiseks<\/li>\n<li>Sobib kogu keha treeninguks<\/li>\n<li>Pilatese ring l\u00e4bim\u00f5\u00f5duga 42 cm<\/li>\n<li>K\u00e4sitsi valmistatud karastatud terasest<\/li>\n<li>Kaks polsterdatud puidust k\u00e4epidet<\/li>\n<li>Saadaval kolmes versioonis erineva kaalu ja vastupanuga<\/li>\n<li>1-aastane piiratud eluaegne garantii<\/li>\n<\/ul>\n","protected":false},"featured_media":2916,"template":"","meta":{"_acf_changed":false,"_kad_post_transparent":"default","_kad_post_title":"","_kad_post_layout":"default","_kad_post_sidebar_id":"","_kad_post_content_style":"default","_kad_post_vertical_padding":"default","_kad_post_feature":"","_kad_post_feature_position":"","_kad_post_header":false,"_kad_post_footer":false,"_kad_post_classname":""},"product_brand":[],"product_cat":[127,124],"product_tag":[302,338,387],"class_list":{"0":"post-2915","1":"product","2":"type-product","3":"status-publish","4":"has-post-thumbnail","6":"product_cat-contrology-accessories","7":"product_cat-muu","8":"product_tag-balanced-body","9":"product_tag-pilates-circle","10":"product_tag-spring-circle","12":"first","13":"instock","14":"sold-individually","15":"shipping-taxable","16":"product-type-simple","17":"entry","18":"content-bg","19":"loop-entry"},"acf":[],"_links":{"self":[{"href":"https:\/\/balanced-body.ee\/et\/wp-json\/wp\/v2\/product\/2915","targetHints":{"allow":["GET"]}}],"collection":[{"href":"https:\/\/balanced-body.ee\/et\/wp-json\/wp\/v2\/product"}],"about":[{"href":"https:\/\/balanced-body.ee\/et\/wp-json\/wp\/v2\/types\/product"}],"wp:featuredmedia":[{"embeddable":true,"href":"https:\/\/balanced-body.ee\/et\/wp-json\/wp\/v2\/media\/2916"}],"wp:attachment":[{"href":"https:\/\/balanced-body.ee\/et\/wp-json\/wp\/v2\/media?parent=2915"}],"wp:term":[{"taxonomy":"product_brand","embeddable":true,"href":"https:\/\/balanced-body.ee\/et\/wp-json\/wp\/v2\/product_brand?post=2915"},{"taxonomy":"product_cat","embeddable":true,"href":"https:\/\/balanced-body.ee\/et\/wp-json\/wp\/v2\/product_cat?post=2915"},{"taxonomy":"product_tag","embeddable":true,"href":"https:\/\/balanced-body.ee\/et\/wp-json\/wp\/v2\/product_tag?post=2915"}],"curies":[{"name":"wp","href":"https:\/\/api.w.org\/{rel}","templated":true}]}}