{"id":2895,"date":"2025-08-29T10:52:39","date_gmt":"2025-08-29T10:52:39","guid":{"rendered":"https:\/\/balanced-body.ee\/product\/contrology-wire-contoured-handles\/"},"modified":"2026-03-04T10:21:10","modified_gmt":"2026-03-04T10:21:10","slug":"contrology-wire-contoured-handles","status":"publish","type":"product","link":"https:\/\/balanced-body.ee\/et\/contrology-wire-contoured-handles\/","title":{"rendered":"Contrology Wire Contoured Handles"},"content":{"rendered":"<p>Contrology Handles on klassikalised, kontuuritud puidust k\u00e4epidemed traadist raamis, inspireeritud Pilatese traditsioonist. Balanced Body Contrology Wire Contoured Handles on austusavaldus originaalsetele k\u00e4epidemetele, mida Joseph Pilates kasutas oma stuudios. Need on loodud ergonoomikat silmas pidades ning sisaldavad puidust k\u00e4epidet, mis on paigutatud \u201ctraadikorvi\u201d.<\/p>\n<p>See ainulaadne k\u00e4epide, mis oli populaarne 20. sajandi keskpaigas, on n\u00fc\u00fcd k\u00e4ttesaadav k\u00f5igile Pilatese entusiastidele. Seda saab t\u00f5husalt kasutada erinevatel Contrology seadmetel, muutes selle mitmek\u00fclgseks treeningvahendiks. J\u00e4tkates Pilatese p\u00e4randit, pakuvad Contrology Wire Contoured Handles mitte ainult funktsionaalsust, vaid ka esteetikat ja mugavust harjutuste ajal.<\/p>\n<p>Contrology Wire Contoured Handles\u2019i erakordne disain \u00fchendab traditsiooni ja modernsuse, rikastades treeningkogemust. Nende k\u00e4epidemetega saad tunda Pilatese autentset olemust, kasutades varustust, mis viib tagasi selle ainulaadse treeningmeetodi algusesse. V\u00f5ta omaks klassikaline stiil ja ergonoomiline disain, astudes Pilatese j\u00e4lgedes ning t\u00e4iustades oma harjutusi k\u00f5igil Contrology seadmetel.<\/p>\n","protected":false},"excerpt":{"rendered":"<p>Contrology k\u00e4epidemed on puits\u00fcdamikuga haarded traadist raamis, mis on inspireeritud Joseph Pilatese stiilist. Nende ergonoomiline disain tagab mugavuse treeningu ajal Contrology seadmetel. Need \u00fchendavad traditsiooni ja modernsuse, pakkudes mitte ainult funktsionaalsust, vaid ka esteetilist elamust. Need klassikalised k\u00e4epidemed on austusavaldus Pilatese p\u00e4randile ning on n\u00fc\u00fcd saadaval k\u00f5igile entusiastidele, kes soovivad oma harjutusi t\u00e4iustada.<\/p>\n<ul>\n<li>Disainitud Pilatese treeninguks Contrology seadmetel<\/li>\n<li>Disain, mis j\u00e4ljendab 20. sajandi keskpaiga Pilatese stuudiotes kasutatud k\u00e4epidemeid<\/li>\n<li>Lihtne paigaldus karabiiniga<\/li>\n<li>Ergonoomiliselt kujundatud haare<\/li>\n<li>Vastupidav metallraam koos puidust k\u00e4epidemega<\/li>\n<\/ul>\n","protected":false},"featured_media":2896,"template":"","meta":{"_acf_changed":false,"_kad_post_transparent":"default","_kad_post_title":"","_kad_post_layout":"default","_kad_post_sidebar_id":"","_kad_post_content_style":"default","_kad_post_vertical_padding":"default","_kad_post_feature":"","_kad_post_feature_position":"","_kad_post_header":false,"_kad_post_footer":false,"_kad_post_classname":""},"product_brand":[],"product_cat":[127,135],"product_tag":[883,884,885,886],"class_list":{"0":"post-2895","1":"product","2":"type-product","3":"status-publish","4":"has-post-thumbnail","6":"product_cat-contrology-accessories","7":"product_cat-loops-handles-footstraps","8":"product_tag-contrology-handles","9":"product_tag-contrology-wire-contoured-handles","10":"product_tag-pilates-handles","11":"product_tag-wire-contoured-handles","13":"first","14":"instock","15":"sold-individually","16":"shipping-taxable","17":"product-type-simple","18":"entry","19":"content-bg","20":"loop-entry"},"acf":[],"_links":{"self":[{"href":"https:\/\/balanced-body.ee\/et\/wp-json\/wp\/v2\/product\/2895","targetHints":{"allow":["GET"]}}],"collection":[{"href":"https:\/\/balanced-body.ee\/et\/wp-json\/wp\/v2\/product"}],"about":[{"href":"https:\/\/balanced-body.ee\/et\/wp-json\/wp\/v2\/types\/product"}],"wp:featuredmedia":[{"embeddable":true,"href":"https:\/\/balanced-body.ee\/et\/wp-json\/wp\/v2\/media\/2896"}],"wp:attachment":[{"href":"https:\/\/balanced-body.ee\/et\/wp-json\/wp\/v2\/media?parent=2895"}],"wp:term":[{"taxonomy":"product_brand","embeddable":true,"href":"https:\/\/balanced-body.ee\/et\/wp-json\/wp\/v2\/product_brand?post=2895"},{"taxonomy":"product_cat","embeddable":true,"href":"https:\/\/balanced-body.ee\/et\/wp-json\/wp\/v2\/product_cat?post=2895"},{"taxonomy":"product_tag","embeddable":true,"href":"https:\/\/balanced-body.ee\/et\/wp-json\/wp\/v2\/product_tag?post=2895"}],"curies":[{"name":"wp","href":"https:\/\/api.w.org\/{rel}","templated":true}]}}