{"id":2875,"date":"2025-08-29T10:53:10","date_gmt":"2025-08-29T10:53:10","guid":{"rendered":"https:\/\/balanced-body.ee\/product\/contrology-leather-handles\/"},"modified":"2026-03-04T10:25:54","modified_gmt":"2026-03-04T10:25:54","slug":"contrology-leather-handles","status":"publish","type":"product","link":"https:\/\/balanced-body.ee\/et\/contrology-leather-handles\/","title":{"rendered":"Contrology Leather Handles"},"content":{"rendered":"<p>Contrology Leather Handles on elegantsed k\u00e4epidemed Balanced Bodylt, mis \u00fchendavad puidust k\u00e4epideme lihtsuse luksusliku, pehme nahkrihmaga. Need on loodud funktsionaalsust silmas pidades, v\u00f5imaldades treeningu ajal t\u00e4ielikku k\u00e4e p\u00f6\u00f6ramist, suurendades mugavust ja liikumise t\u00f5husust.<\/p>\n<p>Need traditsioonilised k\u00e4epidemed on iga Contrology reformeri lahutamatu osa, pakkudes mitte ainult erakordset kasutuskogemust, vaid lisades seadmele ka esteetilise v\u00e4\u00e4rtuse. Puidust k\u00e4epide on ergonoomiline, loodud sobituma k\u00e4e loomuliku anatoomiaga, muutes need erakordselt mugavaks.<\/p>\n<p>Contrology Leather Handles on universaalne lisatarvik, mida saab kasutada k\u00f5igil Contrology seadmetel. Need ei vasta mitte ainult funktsionaalsuse ootustele, vaid r\u00f5hutavad ka Balanced Body kaubam\u00e4rgi k\u00f5rget kvaliteeti.<\/p>\n<p>Avasta Contrology treeningu t\u00e4ielik potentsiaal k\u00e4epidemetega, mis n\u00e4evad suurep\u00e4rased v\u00e4lja ja tagavad, et iga treeningsessioon on mugav ja t\u00f5hus. Contrology Leather Handles on valik neile, kes hindavad kvaliteeti, traditsiooni ja esteetikat oma Pilatese praktikas.<\/p>\n","protected":false},"excerpt":{"rendered":"<p>Contrology nahkk\u00e4epidemed on klassikalised Contrology tarvikud, millel on puidust k\u00e4epide ja nahast rihm. Need v\u00f5imaldavad treeningu ajal t\u00e4ielikku k\u00e4e p\u00f6\u00f6ramist mis tahes Contrology reformeril. Universaalsed ja esteetilised \u2013 need on ideaalne valik klassikalise Pilatese treeningu austajatele. Avasta mugavus ja funktsionaalsus \u00fches tootes.<\/p>\n<ul>\n<li>Disainitud Pilatese treeninguks Contrology seadmetel<\/li>\n<li>Pehme nahast rihm koos ergonoomilise puidust k\u00e4epidemega, mis sobitub k\u00e4ega<\/li>\n<li>Disain, mis v\u00f5imaldab t\u00e4ielikku k\u00e4e p\u00f6\u00f6ramist<\/li>\n<li>K\u00e4etugi harjutuste ajal<\/li>\n<li>Lihtne paigaldus karabiiniga<\/li>\n<\/ul>\n","protected":false},"featured_media":2876,"template":"","meta":{"_acf_changed":false,"_kad_post_transparent":"default","_kad_post_title":"","_kad_post_layout":"default","_kad_post_sidebar_id":"","_kad_post_content_style":"default","_kad_post_vertical_padding":"default","_kad_post_feature":"","_kad_post_feature_position":"","_kad_post_header":false,"_kad_post_footer":false,"_kad_post_classname":""},"product_brand":[],"product_cat":[127,135],"product_tag":[407,923,908,924],"class_list":{"0":"post-2875","1":"product","2":"type-product","3":"status-publish","4":"has-post-thumbnail","6":"product_cat-contrology-accessories","7":"product_cat-loops-handles-footstraps","8":"product_tag-contrology","9":"product_tag-contrology-leather-handles","10":"product_tag-leather-handles","11":"product_tag-pilates-leather-handles","13":"first","14":"instock","15":"sold-individually","16":"shipping-taxable","17":"product-type-simple","18":"entry","19":"content-bg","20":"loop-entry"},"acf":[],"_links":{"self":[{"href":"https:\/\/balanced-body.ee\/et\/wp-json\/wp\/v2\/product\/2875","targetHints":{"allow":["GET"]}}],"collection":[{"href":"https:\/\/balanced-body.ee\/et\/wp-json\/wp\/v2\/product"}],"about":[{"href":"https:\/\/balanced-body.ee\/et\/wp-json\/wp\/v2\/types\/product"}],"wp:featuredmedia":[{"embeddable":true,"href":"https:\/\/balanced-body.ee\/et\/wp-json\/wp\/v2\/media\/2876"}],"wp:attachment":[{"href":"https:\/\/balanced-body.ee\/et\/wp-json\/wp\/v2\/media?parent=2875"}],"wp:term":[{"taxonomy":"product_brand","embeddable":true,"href":"https:\/\/balanced-body.ee\/et\/wp-json\/wp\/v2\/product_brand?post=2875"},{"taxonomy":"product_cat","embeddable":true,"href":"https:\/\/balanced-body.ee\/et\/wp-json\/wp\/v2\/product_cat?post=2875"},{"taxonomy":"product_tag","embeddable":true,"href":"https:\/\/balanced-body.ee\/et\/wp-json\/wp\/v2\/product_tag?post=2875"}],"curies":[{"name":"wp","href":"https:\/\/api.w.org\/{rel}","templated":true}]}}