{"id":2780,"date":"2025-08-29T11:06:44","date_gmt":"2025-08-29T11:06:44","guid":{"rendered":"https:\/\/balanced-body.ee\/product\/metro-iq-reformer-jumpboard\/"},"modified":"2026-03-04T14:19:30","modified_gmt":"2026-03-04T14:19:30","slug":"metro-iq-reformer-jumpboard","status":"publish","type":"product","link":"https:\/\/balanced-body.ee\/et\/metro-iq-reformer-jumpboard\/","title":{"rendered":"Metro IQ Reformer Jumpboard"},"content":{"rendered":"<p>Balanced Body Jumpboard platvorm on suurep\u00e4rane t\u00f6\u00f6riist, mis on loodud spetsiaalselt Metro IQ Reformerile, tuues treeningutesse mitmekesisust ja loovust. Polsterdatud laud pakub tugevat pinda h\u00fcppe- ja pl\u00fcomeetrilisteks harjutusteks, toetades samal ajal biomehaaniliselt t\u00e4pset seisuasendit harjutuste ajal, kui ollakse reformeril lamavas asendis.<\/p>\n<p>See platvorm on tunnustatud kui asendamatu lisavarustus reformerile, r\u00f5hutades selle suurt v\u00e4\u00e4rtust Pilatese kogukonnas. See v\u00f5imaldab laiendada harjutuste repertuaari, kaasates kesk- ja alakeha lihaseid. Kardiotreeningu ja vedrude vastupanu kombinatsioon reformeril koos polsterdatud Jumpboardiga v\u00f5imaldab t\u00f5husaid treeninguid, mis toovad soovitud tulemusi.<\/p>\n<p>Pilatesetreenerid kasutavad polsterdatud Jumpboardi uute ja kohandatud harjutuste loomiseks, mis on suunatud klientide individuaalsetele eesm\u00e4rkidele. F\u00fcsioterapeutide ja taastusravi spetsialistide jaoks on see v\u00e4\u00e4rtuslik t\u00f6\u00f6riist, mis toetab biomehaaniliselt \u00f5iget seisuasendit ja jalalaba korrektset asetust harjutuste ajal.<\/p>\n<p>Metro IQ Jumpboardi m\u00f5\u00f5tmed 66 cm x 457 cm pakuvad piisavalt ruumi mugavaks ja t\u00f5husaks treeninguks. Jumpboardi platvormid on spetsiaalselt disainitud Balanced Body reformeritele, mis suurendab nende mitmek\u00fclgsust veelgi.<\/p>\n<p>Jumpboard on innovatiivne t\u00f6\u00f6riist, mis mitte ainult ei intensiivista Reformer-treeninguid, vaid v\u00f5imaldab avastada erinevaid kehalisi tegevusi \u2013 alates kardiost kuni h\u00fcppamiseni lamavas asendis ja seisuasendite imiteerimiseni.<\/p>\n","protected":false},"excerpt":{"rendered":"<p>H\u00fcppepaneel, mis on spetsiaalselt loodud Metro IQ Reformerile. See innovatiivne t\u00f6\u00f6riist parandab reformeri treeningute kvaliteeti, kaasates erinevaid lihasgruppe ja v\u00f5imaldades avastada uusi kehalise aktiivsuse vorme.<\/p>\n<ul>\n<li>Laiendab treeninguv\u00f5imalusi reformeril<\/li>\n<li>K\u00f5va pind h\u00fcppe- ja pl\u00fcomeetrilisteks harjutusteks<\/li>\n<li>Biomehaaniline tugi t\u00e4pseks seisuasendiks<\/li>\n<li>Parandab j\u00f5udu, vastupidavust ja f\u00fc\u00fcsilist vormi<\/li>\n<li>Lihtne paigaldada ja eemaldada<\/li>\n<li>M\u00f5\u00f5dud: 66 x 457 cm<\/li>\n<li>Disainitud IQ Reformerile<\/li>\n<\/ul>\n","protected":false},"featured_media":2781,"template":"","meta":{"_acf_changed":false,"_kad_post_transparent":"default","_kad_post_title":"","_kad_post_layout":"default","_kad_post_sidebar_id":"","_kad_post_content_style":"default","_kad_post_vertical_padding":"default","_kad_post_feature":"","_kad_post_feature_position":"","_kad_post_header":false,"_kad_post_footer":false,"_kad_post_classname":""},"product_brand":[],"product_cat":[137],"product_tag":[302,1038,1039,1040],"class_list":{"0":"post-2780","1":"product","2":"type-product","3":"status-publish","4":"has-post-thumbnail","6":"product_cat-jumpboards","7":"product_tag-balanced-body","8":"product_tag-metro-iq","9":"product_tag-metro-iq-reformer","10":"product_tag-metro-iq-reformer-jumpboard","12":"first","13":"instock","14":"sold-individually","15":"shipping-taxable","16":"product-type-simple","17":"entry","18":"content-bg","19":"loop-entry"},"acf":[],"_links":{"self":[{"href":"https:\/\/balanced-body.ee\/et\/wp-json\/wp\/v2\/product\/2780","targetHints":{"allow":["GET"]}}],"collection":[{"href":"https:\/\/balanced-body.ee\/et\/wp-json\/wp\/v2\/product"}],"about":[{"href":"https:\/\/balanced-body.ee\/et\/wp-json\/wp\/v2\/types\/product"}],"wp:featuredmedia":[{"embeddable":true,"href":"https:\/\/balanced-body.ee\/et\/wp-json\/wp\/v2\/media\/2781"}],"wp:attachment":[{"href":"https:\/\/balanced-body.ee\/et\/wp-json\/wp\/v2\/media?parent=2780"}],"wp:term":[{"taxonomy":"product_brand","embeddable":true,"href":"https:\/\/balanced-body.ee\/et\/wp-json\/wp\/v2\/product_brand?post=2780"},{"taxonomy":"product_cat","embeddable":true,"href":"https:\/\/balanced-body.ee\/et\/wp-json\/wp\/v2\/product_cat?post=2780"},{"taxonomy":"product_tag","embeddable":true,"href":"https:\/\/balanced-body.ee\/et\/wp-json\/wp\/v2\/product_tag?post=2780"}],"curies":[{"name":"wp","href":"https:\/\/api.w.org\/{rel}","templated":true}]}}