{"id":2750,"date":"2025-08-29T11:07:50","date_gmt":"2025-08-29T11:07:50","guid":{"rendered":"https:\/\/balanced-body.ee\/product\/studio-reformer-infinity-footbar-jumpboard\/"},"modified":"2026-03-04T14:27:19","modified_gmt":"2026-03-04T14:27:19","slug":"studio-reformer-infinity-footbar-jumpboard","status":"publish","type":"product","link":"https:\/\/balanced-body.ee\/et\/studio-reformer-infinity-footbar-jumpboard\/","title":{"rendered":"Studio Reformer (Infinity Footbar) Jumpboard"},"content":{"rendered":"<p>Balanced Body Jumpboard on loodud kasutamiseks Studio Reformer (Infinity Footbar) seadmega. Polsterdatud laud pakub tugevat pinda h\u00fcppe- ja pl\u00fcomeetrilisteks harjutusteks. Sellise treeningu eesm\u00e4rk on arendada motoorseid oskusi nagu kiirus, liikuvus, painduvus, refleksid ja h\u00fcppev\u00f5ime.<\/p>\n<p>Jumpboard toetab biomehaaniliselt t\u00e4pset seisuasendit reformeril lamades, tuues kaasa pikaajalisi terviseh\u00fcvesid, nagu seljavalu v\u00e4hendamine, vigastuste ohu ja lihaste ning liigeste koormuse v\u00e4hendamine. Seda hinnatakse k\u00f5rgelt kui olulist t\u00e4iendust reformerile.<\/p>\n<p>Polsterdatud Jumpboard v\u00f5imaldab laiendada treeningu repertuaari, v\u00f5imaldades harjutusi nii kerelihastele kui alakehale. Pilatesetreenerid hindavad selle mitmek\u00fclgsust erinevate harjutuste koostamisel. Taastusravis toetab Jumpboard biomehaaniliselt korrektset seisuasendit ja \u00f5iget jalalaba asetust harjutuste ajal, aidates v\u00e4ltida p\u00f5lveliigese vigastusi.<\/p>\n<p>Jumpboard m\u00f5\u00f5tmetega 533 x 521 cm on praktiline ja t\u00f5hus treeningvahend laiale kasutajaskonnale. See on asendamatu t\u00f6\u00f6riist edasij\u00f5udnutele m\u00f5eldud tundide l\u00e4biviimiseks igas Pilatesestuudios.<\/p>\n","protected":false},"excerpt":{"rendered":"<p>Mitmek\u00fclgne vahend h\u00fcppetreeninguks, asendamatu taastusravis ja motoorsetes harjutustes. Jumpboard on suurep\u00e4rane kombinatsioon kardiotreeningust ja reformeri vedrutakistusest, v\u00f5imaldades arendada ja tugevdada nii kerelihaseid kui ka alakeha.<\/p>\n<ul>\n<li>V\u00f5imaldab d\u00fcnaamilist ja mitmekesist treeningut reformeril<\/li>\n<li>Vahend pliomeetrilisteks harjutusteks<\/li>\n<li>Pakku biomehaanilist tuge t\u00e4pseks seisuasendiks<\/li>\n<li>Libisemisvastase pinnaga<\/li>\n<li>K\u00f5va ja vastupidav jumpboard<\/li>\n<li>Kiire ja t\u00f5hus paigaldus reformerile<\/li>\n<li>M\u00f5\u00f5dud: 533 x 521 cm<\/li>\n<li>Disainitud Studio Reformerile (Infinity Footbar)<\/li>\n<\/ul>\n","protected":false},"featured_media":2752,"template":"","meta":{"_acf_changed":false,"_kad_post_transparent":"default","_kad_post_title":"","_kad_post_layout":"default","_kad_post_sidebar_id":"","_kad_post_content_style":"default","_kad_post_vertical_padding":"default","_kad_post_feature":"","_kad_post_feature_position":"","_kad_post_header":false,"_kad_post_footer":false,"_kad_post_classname":""},"product_brand":[],"product_cat":[137],"product_tag":[1009,1066,1056],"class_list":{"0":"post-2750","1":"product","2":"type-product","3":"status-publish","4":"has-post-thumbnail","6":"product_cat-jumpboards","7":"product_tag-balanced-body-jumpboard","8":"product_tag-studio-reformer-infinity-footbar-jumpboard","9":"product_tag-studio-reformer-jumpboard","11":"first","12":"instock","13":"sold-individually","14":"shipping-taxable","15":"product-type-simple","16":"entry","17":"content-bg","18":"loop-entry"},"acf":[],"_links":{"self":[{"href":"https:\/\/balanced-body.ee\/et\/wp-json\/wp\/v2\/product\/2750","targetHints":{"allow":["GET"]}}],"collection":[{"href":"https:\/\/balanced-body.ee\/et\/wp-json\/wp\/v2\/product"}],"about":[{"href":"https:\/\/balanced-body.ee\/et\/wp-json\/wp\/v2\/types\/product"}],"wp:featuredmedia":[{"embeddable":true,"href":"https:\/\/balanced-body.ee\/et\/wp-json\/wp\/v2\/media\/2752"}],"wp:attachment":[{"href":"https:\/\/balanced-body.ee\/et\/wp-json\/wp\/v2\/media?parent=2750"}],"wp:term":[{"taxonomy":"product_brand","embeddable":true,"href":"https:\/\/balanced-body.ee\/et\/wp-json\/wp\/v2\/product_brand?post=2750"},{"taxonomy":"product_cat","embeddable":true,"href":"https:\/\/balanced-body.ee\/et\/wp-json\/wp\/v2\/product_cat?post=2750"},{"taxonomy":"product_tag","embeddable":true,"href":"https:\/\/balanced-body.ee\/et\/wp-json\/wp\/v2\/product_tag?post=2750"}],"curies":[{"name":"wp","href":"https:\/\/api.w.org\/{rel}","templated":true}]}}