{"id":2720,"date":"2025-08-29T11:09:03","date_gmt":"2025-08-29T11:09:03","guid":{"rendered":"https:\/\/balanced-body.ee\/product\/rialto-reformer-jumpboard\/"},"modified":"2026-03-04T14:32:55","modified_gmt":"2026-03-04T14:32:55","slug":"rialto-reformer-jumpboard","status":"publish","type":"product","link":"https:\/\/balanced-body.ee\/et\/rialto-reformer-jumpboard\/","title":{"rendered":"Rialto Reformer Jumpboard"},"content":{"rendered":"<p>Balanced Body Jumpboard Rialto Reformerile on vastupidav platvorm, mis on spetsiaalselt loodud mitmek\u00fclgseks treeninguks. Polsterdatud laud pakub tugevat pinda h\u00fcppe- ja pl\u00fcomeetriliste harjutuste jaoks, muutes selle ideaalseks intensiivsete ja plahvatuslike treeningute jaoks. Sellel laual tehtavad pl\u00fcomeetrilised harjutused on kiired, d\u00fcnaamilised ja keskenduvad treeningtulemuste maksimeerimisele, tugevdades samal ajal lihaseid, sidemeid ja k\u00f5\u00f5luseid.<\/p>\n<p>Lisaks saab seda lauda kasutada taastusravi eesm\u00e4rkidel vastavalt f\u00fcsioterapeudi v\u00f5i arsti soovitusele. Selle polsterdatud pind toetab biomehaaniliselt korrektset seisuasendit lamades reformeril, mis on oluline nii treeningu kui ka alaj\u00e4semete vigastuste paranemisprotsessi jaoks.<\/p>\n<p>Pilatesetreenerid hindavad polsterdatud Jumpboardi mitmek\u00fclgsust uute harjutuste v\u00e4ljat\u00f6\u00f6tamisel ja olemasolevate kohandamisel vastavalt iga osaleja individuaalsetele eesm\u00e4rkidele. See tunnustatud t\u00f6\u00f6riist on sageli peetud reformeri oluliseks lisatarvikuks.<\/p>\n<p>Rialto Jumpboardi m\u00f5\u00f5tmed on 803 cm x 51 cm, pakkudes ideaalset pinda laia valiku harjutuste mugavaks ja t\u00f5husaks sooritamiseks. Laud v\u00f5imaldab suurep\u00e4rast kardiotreeningu ja vedruvastupanu kombinatsiooni reformeril, aidates arendada ja tugevdada nii kerelihaseid kui ka alakeha.<\/p>\n","protected":false},"excerpt":{"rendered":"<p>Mitmek\u00fclgne platvorm h\u00fcppamiseks lamavas asendis reformeril. See lisavarustus v\u00f5imaldab Pilates treeningute olulist muutmist ja laiendamist. Kardiotreeningu ja vedruvastupanu kombinatsioon tagab optimaalse sportliku ja \u00fcldise soorituse.<\/p>\n<ul>\n<li>V\u00f5imaldab mitmekesist ja d\u00fcnaamilist treeningut reformeril<\/li>\n<li>Vastupidav, stabiilne ja ohutu pind kasutamiseks<\/li>\n<li>Biomehaaniline tugi korrektseks seisuasendiks<\/li>\n<li>V\u00f5imaldab parandada j\u00f5udu, vastupidavust ja f\u00fc\u00fcsilist vormi<\/li>\n<li>K\u00f5va pind h\u00fcppe- ja pl\u00fcomeetrilisteks harjutusteks<\/li>\n<li>Lihtne paigaldus t\u00e4nu k\u00e4epidemetele<\/li>\n<li>Disainitud: Rialto Reformerile<\/li>\n<\/ul>\n","protected":false},"featured_media":2722,"template":"","meta":{"_acf_changed":false,"_kad_post_transparent":"default","_kad_post_title":"","_kad_post_layout":"default","_kad_post_sidebar_id":"","_kad_post_content_style":"default","_kad_post_vertical_padding":"default","_kad_post_feature":"","_kad_post_feature_position":"","_kad_post_header":false,"_kad_post_footer":false,"_kad_post_classname":""},"product_brand":[],"product_cat":[137],"product_tag":[801,742,1078],"class_list":{"0":"post-2720","1":"product","2":"type-product","3":"status-publish","4":"has-post-thumbnail","6":"product_cat-jumpboards","7":"product_tag-jumpboard","8":"product_tag-rialto-reformer","9":"product_tag-rialto-reformer-jumpboard","11":"first","12":"instock","13":"sold-individually","14":"shipping-taxable","15":"product-type-simple","16":"entry","17":"content-bg","18":"loop-entry"},"acf":[],"_links":{"self":[{"href":"https:\/\/balanced-body.ee\/et\/wp-json\/wp\/v2\/product\/2720","targetHints":{"allow":["GET"]}}],"collection":[{"href":"https:\/\/balanced-body.ee\/et\/wp-json\/wp\/v2\/product"}],"about":[{"href":"https:\/\/balanced-body.ee\/et\/wp-json\/wp\/v2\/types\/product"}],"wp:featuredmedia":[{"embeddable":true,"href":"https:\/\/balanced-body.ee\/et\/wp-json\/wp\/v2\/media\/2722"}],"wp:attachment":[{"href":"https:\/\/balanced-body.ee\/et\/wp-json\/wp\/v2\/media?parent=2720"}],"wp:term":[{"taxonomy":"product_brand","embeddable":true,"href":"https:\/\/balanced-body.ee\/et\/wp-json\/wp\/v2\/product_brand?post=2720"},{"taxonomy":"product_cat","embeddable":true,"href":"https:\/\/balanced-body.ee\/et\/wp-json\/wp\/v2\/product_cat?post=2720"},{"taxonomy":"product_tag","embeddable":true,"href":"https:\/\/balanced-body.ee\/et\/wp-json\/wp\/v2\/product_tag?post=2720"}],"curies":[{"name":"wp","href":"https:\/\/api.w.org\/{rel}","templated":true}]}}