{"id":2665,"date":"2025-08-29T11:11:27","date_gmt":"2025-08-29T11:11:27","guid":{"rendered":"https:\/\/balanced-body.ee\/product\/rialto-standing-platform-extender\/"},"modified":"2025-12-04T11:03:21","modified_gmt":"2025-12-04T11:03:21","slug":"rialto-standing-platform-extender","status":"publish","type":"product","link":"https:\/\/balanced-body.ee\/et\/rialto-platform-extender\/","title":{"rendered":"Rialto Reformer Platform Extender"},"content":{"rendered":"<p>Rialto Reformer Platform Extender on lisaplatvorm, mis sobib Rialto Reformeriga ja suurendab sisseehitatud\u00a0 Platform\u2019i pindala. See kompaktne toode avab uusi treeningv\u00f5imalusi ning v\u00f5ib muuta Reformer\u2019i kasutusviisi ja t\u00f6\u00f6d selle kasutajatega. Standardse Reformer\u2019i sisseehitatud Platform\u2019i kahekordne laius ja s\u00fcgavus suurendavad masina funktsionaalsust ning lisavad treeningutesse mitmekesisust. Suurem pindala ja libisemisvastane kate v\u00f5imaldavad mitte ainult nautida uusi harjutusv\u00f5imalusi, vaid tagavad ka turvalisema asendi ja parema toe neile, kes seda vajavad (eriti vanematele kasutajatele), samuti mugavuse suurema jalanumbriga kasutajatele.<\/p>\n<p>Platform Extender v\u00f5imaldab kasutada suuremat valikut seistes, p\u00f5lvitades ja selili tehtavaid harjutusi, pakkudes suurep\u00e4rast tuge jalgadele ja k\u00e4sivartele. Platvorm on varustatud spetsiaalselt disainitud pehmendusega, mis katab kogu laiendatud Platform\u2019i pinna. Pehmendus tagab suurema mugavuse ning v\u00f5imaldab \u00fchtlustada laiendatud platvormi k\u00f5rguse liuguri k\u00f5rgusega.<\/p>\n<p>Extender loob suure ja stabiilse pinnala jala t\u00e4ielikuks toetamiseks selliste harjutuste ajal nagu sillaasend, k\u00fckid v\u00f5i front splits, pakkudes laia valikut jalgade tugevdamise harjutusi. Samuti tagab see t\u00e4ieliku toe k\u00e4sivartele planguasendis ja p\u00f5lvitades.<\/p>\n<p>Platform Extender ei vaja keerukat paigaldust. Lihtsalt libistage see oma kohale. Platvormi kasutamine ei sega Reformer\u2019i vedrude seadistuse muutmist. Seda saab kasutada samaaegselt ka Jumpboard\u2019iga.<\/p>\n","protected":false},"excerpt":{"rendered":"<p>Rialto seisutugede platvormilaiend kahekordistab standardse sisseehitatud Rialto Reformer seisutugede platvormi laiuse ja s\u00fcgavuse. See suurendab mugavust ja tagab turvalisema asendi, eriti nendele kasutajatele, kes seda vajavad (vanemad kasutajad, vigastustest taastujad).<\/p>\n<ul>\n<li>M\u00f5eldud kasutamiseks koos Rialto Reformeriga<\/li>\n<li>Suurendab Reformer\u2019i seisutugede platvormi pindala<\/li>\n<li>Turvaline, libisemisvastane pind<\/li>\n<li>Komplektis on mugav matt, mis \u00fchtlustab platvormi k\u00f5rguse liuguriga<\/li>\n<li>V\u00f5imaldab platvormi ja h\u00fcppeplaadi samaaegset kasutamist, ei sega vedrude seadistust<\/li>\n<li>Lihtne ja kiire paigaldus<\/li>\n<li>Pakub t\u00e4iendavaid v\u00f5imalusi seistes, p\u00f5lvitades ja selili harjutuste tegemiseks<\/li>\n<li>M\u00f5\u00f5tmed: 69 x 16 cm<\/li>\n<\/ul>\n","protected":false},"featured_media":2666,"template":"","meta":{"_acf_changed":false,"_kad_post_transparent":"default","_kad_post_title":"","_kad_post_layout":"default","_kad_post_sidebar_id":"","_kad_post_content_style":"default","_kad_post_vertical_padding":"default","_kad_post_feature":"","_kad_post_feature_position":"","_kad_post_header":false,"_kad_post_footer":false,"_kad_post_classname":""},"product_brand":[],"product_cat":[131],"product_tag":[1514,1396],"class_list":{"0":"post-2665","1":"product","2":"type-product","3":"status-publish","4":"has-post-thumbnail","6":"product_cat-platform-extenders","7":"product_tag-rialto-reformer-platform-extender","8":"product_tag-rialto-standing-platform-extender","10":"first","11":"instock","12":"sold-individually","13":"shipping-taxable","14":"product-type-simple","15":"entry","16":"content-bg","17":"loop-entry"},"acf":[],"_links":{"self":[{"href":"https:\/\/balanced-body.ee\/et\/wp-json\/wp\/v2\/product\/2665","targetHints":{"allow":["GET"]}}],"collection":[{"href":"https:\/\/balanced-body.ee\/et\/wp-json\/wp\/v2\/product"}],"about":[{"href":"https:\/\/balanced-body.ee\/et\/wp-json\/wp\/v2\/types\/product"}],"wp:featuredmedia":[{"embeddable":true,"href":"https:\/\/balanced-body.ee\/et\/wp-json\/wp\/v2\/media\/2666"}],"wp:attachment":[{"href":"https:\/\/balanced-body.ee\/et\/wp-json\/wp\/v2\/media?parent=2665"}],"wp:term":[{"taxonomy":"product_brand","embeddable":true,"href":"https:\/\/balanced-body.ee\/et\/wp-json\/wp\/v2\/product_brand?post=2665"},{"taxonomy":"product_cat","embeddable":true,"href":"https:\/\/balanced-body.ee\/et\/wp-json\/wp\/v2\/product_cat?post=2665"},{"taxonomy":"product_tag","embeddable":true,"href":"https:\/\/balanced-body.ee\/et\/wp-json\/wp\/v2\/product_tag?post=2665"}],"curies":[{"name":"wp","href":"https:\/\/api.w.org\/{rel}","templated":true}]}}