{"id":2500,"date":"2025-08-30T08:09:35","date_gmt":"2025-08-30T08:09:35","guid":{"rendered":"https:\/\/balanced-body.ee\/product\/cotton-web-straps\/"},"modified":"2025-11-20T10:01:44","modified_gmt":"2025-11-20T10:01:44","slug":"cotton-web-straps","status":"publish","type":"product","link":"https:\/\/balanced-body.ee\/et\/cotton-web-straps\/","title":{"rendered":"Cotton Web Straps"},"content":{"rendered":"<p>Balanced Body Cotton Web Straps on erakordsed puuvillast rihmad, mis on m\u00f5eldud kasutamiseks Fuzzies-tarvikutega trapetslaudadel (Cadillac). Valmistatud kvaliteetsest puuvillast, pakuvad need rihmad tuge k\u00e4tele v\u00f5i jalgadele, kui harjutusi tehakse riputatult katuse all. Mustad 75 cm pikkused rihmad m\u00fc\u00fcakse paarina, samas kui Fuzzies-tarvikud, mis neid suurep\u00e4raselt t\u00e4iendavad, on saadaval eraldi.<\/p>\n<p>Rihmade pikkust saab kohandada vastavalt individuaalsetele eelistustele, keerates need kahekordselt \u00fcmber katusevarraste. See praktiline lahendus tagab stabiilsuse ja mugavuse treeningu ajal Cadillacil. Balanced Body puuvillaste rihmade valimine on investeering vastupidavatesse ja usaldusv\u00e4\u00e4rsetesse tarvikutesse, mis tagavad mitte ainult mugavuse, vaid ka ohutuse treeningu ajal. Ideaalne valik Pilates-professionaalidele ja -harrastajatele, pakkudes igak\u00fclgset tuge erinevateks harjutusteks trapetslaudadel.<\/p>\n","protected":false},"excerpt":{"rendered":"<p>75 cm pikkused puuvillased rihmad kasutamiseks Fuzzies-elementidega trapetslaudadel (Cadillac). Need tagavad stabiilse toe k\u00e4tele v\u00f5i jalgadele rippumisharjutuste ajal. Cotton Web Straps rihmadel on topeltl\u00e4bip\u00f6\u00f6ramise abil reguleeritav pikkus. M\u00fc\u00fcakse paarina. Ideaalne t\u00e4pseks ja mugavaks treeninguks Cadillacil.<\/p>\n<ul>\n<li>Tugi k\u00e4tele ja jalgadele trapetsiharjutuste ajal<\/li>\n<li>Kasutamiseks koos Fuzzies-elementidega (m\u00fc\u00fcakse eraldi)<\/li>\n<li>Pikkus reguleeritav topeltl\u00e4bip\u00f6\u00f6ramise abil<\/li>\n<li>Kvaliteetsed puuvillased rihmad, kergesti puhastatavad<\/li>\n<li>Pikkus: 75 cm<\/li>\n<li>M\u00fc\u00fcakse komplektina (2 t\u00fckki)<\/li>\n<\/ul>\n","protected":false},"featured_media":2501,"template":"","meta":{"_acf_changed":false,"_kad_post_transparent":"default","_kad_post_title":"","_kad_post_layout":"default","_kad_post_sidebar_id":"","_kad_post_content_style":"default","_kad_post_vertical_padding":"default","_kad_post_feature":"","_kad_post_feature_position":"","_kad_post_header":false,"_kad_post_footer":false,"_kad_post_classname":""},"product_brand":[],"product_cat":[135],"product_tag":[302,1378],"class_list":{"0":"post-2500","1":"product","2":"type-product","3":"status-publish","4":"has-post-thumbnail","6":"product_cat-loops-handles-footstraps","7":"product_tag-balanced-body","8":"product_tag-cotton-web-straps","10":"first","11":"instock","12":"sold-individually","13":"shipping-taxable","14":"product-type-simple","15":"entry","16":"content-bg","17":"loop-entry"},"acf":[],"_links":{"self":[{"href":"https:\/\/balanced-body.ee\/et\/wp-json\/wp\/v2\/product\/2500","targetHints":{"allow":["GET"]}}],"collection":[{"href":"https:\/\/balanced-body.ee\/et\/wp-json\/wp\/v2\/product"}],"about":[{"href":"https:\/\/balanced-body.ee\/et\/wp-json\/wp\/v2\/types\/product"}],"wp:featuredmedia":[{"embeddable":true,"href":"https:\/\/balanced-body.ee\/et\/wp-json\/wp\/v2\/media\/2501"}],"wp:attachment":[{"href":"https:\/\/balanced-body.ee\/et\/wp-json\/wp\/v2\/media?parent=2500"}],"wp:term":[{"taxonomy":"product_brand","embeddable":true,"href":"https:\/\/balanced-body.ee\/et\/wp-json\/wp\/v2\/product_brand?post=2500"},{"taxonomy":"product_cat","embeddable":true,"href":"https:\/\/balanced-body.ee\/et\/wp-json\/wp\/v2\/product_cat?post=2500"},{"taxonomy":"product_tag","embeddable":true,"href":"https:\/\/balanced-body.ee\/et\/wp-json\/wp\/v2\/product_tag?post=2500"}],"curies":[{"name":"wp","href":"https:\/\/api.w.org\/{rel}","templated":true}]}}