{"id":2460,"date":"2025-08-30T08:15:13","date_gmt":"2025-08-30T08:15:13","guid":{"rendered":"https:\/\/balanced-body.ee\/product\/allegro-reformer-konnector\/"},"modified":"2025-11-20T10:01:41","modified_gmt":"2025-11-20T10:01:41","slug":"allegro-reformer-konnector","status":"publish","type":"product","link":"https:\/\/balanced-body.ee\/et\/allegro-reformer-konnector\/","title":{"rendered":"Allegro Reformer Konnector"},"content":{"rendered":"<p>S\u00fcsteem, mille on loonud Viktor Uygan, viib Pilates reformeri treeningu uuele, d\u00fcnaamilisele tasemele. \u00dcherihmaline s\u00fcsteem kaasab kogu keha, n\u00f5udes koordinatsiooni kere stabiilsuse ja j\u00e4semete liikuvuse vahel. Neli aasa, mis on kinnitatud \u00fche k\u00f6ie k\u00fclge plokkidega, integreerivad iga harjutuse ajal j\u00e4semete ja kere liikumise.<\/p>\n<p>Konnector vastab vajadusele laiendatud harjutusv\u00f5imaluste j\u00e4rele, pakkudes kogu keha h\u00f5lmavat treeningut, mis tagab nii f\u00fc\u00fcsilise kui ka vaimse rahulolu. T\u00e4nu \u00fcherihmalisele s\u00fcsteemile ja k\u00f5igi nelja j\u00e4seme kinnituspunktidele v\u00f5imaldab see k\u00e4te ja jalgade iseseisvat ja samaaegset liikumist.<\/p>\n<p>Automaatne rihma reguleerimine as\u00fcmmeetria korral ja lihtne lukustusmehhanism v\u00f5imaldavad h\u00f5lpsat naasmist standardse reformeri funktsiooni juurde. Patenteeritud k\u00f6ie- ja plokis\u00fcsteem tagab pideva propriotseptiivse tagasiside, soodustades kogu keha integreerimist ja tugevamat kerelihaste aktiveerimist. Spetsiaalselt disainitud \u201esilent ride\u201d plokid v\u00e4hendavad m\u00fcra ning Tri Loops pakuvad paremaid k\u00e4e- ja jalapositsioone. Tootel on \u00fcheaastane garantii.<\/p>\n","protected":false},"excerpt":{"rendered":"<p>Konnector vastab n\u00f5udlusele laiendatud treeningv\u00f5imaluste j\u00e4rele, pakkudes kogu keha h\u00f5lmavat treeningut, mis toob nii f\u00fc\u00fcsilist kui ka vaimset rahuldust. \u00dche k\u00f6iega s\u00fcsteem, millel on kinnituspunktid k\u00f5igile neljale j\u00e4semele, v\u00f5imaldab k\u00e4te ja jalgade iseseisvat ja samaaegset liikumist. Automaatne rihmade kohandamine as\u00fcmmeetria korral ning lihtne lukustusmehhanism v\u00f5imaldavad h\u00f5lpsalt naasta standardse reformeri funktsiooni juurde.<\/p>\n<ul>\n<li>Pakku rohkem mitmekesisust Pilates treeningutes<\/li>\n<li>\u00dche k\u00f6iega s\u00fcsteem kinnituspunktidega<\/li>\n<li>Neli Tri Loopi k\u00e4te ja jalgade jaoks<\/li>\n<li>V\u00f5imaldab k\u00e4te ja jalgade iseseisvat ja samaaegset liikumist<\/li>\n<li>Pakub propriotseptiivset tagasisidet<\/li>\n<li>Lihtne lukustusmehhanism standardse reformeri funktsiooni taastamiseks<\/li>\n<li>Disainitud: Allegro Reformerile ja Allegro Reformerile koos torniga<\/li>\n<\/ul>\n","protected":false},"featured_media":2461,"template":"","meta":{"_acf_changed":false,"_kad_post_transparent":"default","_kad_post_title":"","_kad_post_layout":"default","_kad_post_sidebar_id":"","_kad_post_content_style":"default","_kad_post_vertical_padding":"default","_kad_post_feature":"","_kad_post_feature_position":"","_kad_post_header":false,"_kad_post_footer":false,"_kad_post_classname":""},"product_brand":[],"product_cat":[136],"product_tag":[1206,1207,1208],"class_list":{"0":"post-2460","1":"product","2":"type-product","3":"status-publish","4":"has-post-thumbnail","6":"product_cat-konnectors","7":"product_tag-allegro-konnector","8":"product_tag-allegro-reformer-konnector","9":"product_tag-pilates-konnector","11":"first","12":"instock","13":"sold-individually","14":"shipping-taxable","15":"product-type-simple","16":"entry","17":"content-bg","18":"loop-entry"},"acf":[],"_links":{"self":[{"href":"https:\/\/balanced-body.ee\/et\/wp-json\/wp\/v2\/product\/2460","targetHints":{"allow":["GET"]}}],"collection":[{"href":"https:\/\/balanced-body.ee\/et\/wp-json\/wp\/v2\/product"}],"about":[{"href":"https:\/\/balanced-body.ee\/et\/wp-json\/wp\/v2\/types\/product"}],"wp:featuredmedia":[{"embeddable":true,"href":"https:\/\/balanced-body.ee\/et\/wp-json\/wp\/v2\/media\/2461"}],"wp:attachment":[{"href":"https:\/\/balanced-body.ee\/et\/wp-json\/wp\/v2\/media?parent=2460"}],"wp:term":[{"taxonomy":"product_brand","embeddable":true,"href":"https:\/\/balanced-body.ee\/et\/wp-json\/wp\/v2\/product_brand?post=2460"},{"taxonomy":"product_cat","embeddable":true,"href":"https:\/\/balanced-body.ee\/et\/wp-json\/wp\/v2\/product_cat?post=2460"},{"taxonomy":"product_tag","embeddable":true,"href":"https:\/\/balanced-body.ee\/et\/wp-json\/wp\/v2\/product_tag?post=2460"}],"curies":[{"name":"wp","href":"https:\/\/api.w.org\/{rel}","templated":true}]}}