{"id":2450,"date":"2025-08-30T08:15:34","date_gmt":"2025-08-30T08:15:34","guid":{"rendered":"https:\/\/balanced-body.ee\/product\/studio-reformer-konnector\/"},"modified":"2025-11-20T10:01:40","modified_gmt":"2025-11-20T10:01:40","slug":"studio-reformer-konnector","status":"publish","type":"product","link":"https:\/\/balanced-body.ee\/et\/studio-reformer-konnector\/","title":{"rendered":"Studio Reformer Konnector"},"content":{"rendered":"<p>Konnector on uuenduslik lahendus reformeri kasutajatele, pakkudes l\u00f5putuid treeninguv\u00f5imalusi. \u00dchek\u00f6ielise s\u00fcsteemi ja k\u00f5igi nelja j\u00e4seme kinnituspunktidega v\u00f5imaldab see k\u00e4te ja jalgade iseseisvat ja samaaegset liikumist. See patenteeritud s\u00fcsteem toetab kogu keha integreerimist ja tugevdab kerelihaste aktiveerimist, muutes treeningud t\u00f5husamaks ja kaasahaaravamaks.<\/p>\n<p>Konnector v\u00f5imaldab automaatset rihmade reguleerimist, v\u00f5imaldades lihtsat kohandamist as\u00fcmmeetria korral ja kiiret naasmist reformeri tavap\u00e4rase funktsiooni juurde. See muudab harjutused d\u00fcnaamilisemaks ja mitmekesisemaks, k\u00f5rvaldades \u00fcksluisuse ja rutiini. Tootel on \u00fcheaastane garantii.<\/p>\n<p>S\u00fcsteemi autor on Viktor Uygan ning see v\u00f5imaldab pidevat propriotseptiivset tagasisidet, n\u00f5udes kere stabiilsuse ja j\u00e4semete liikuvuse koordineerimist. Neli aasa, mis on kinnitatud \u00fche k\u00f6ie k\u00fclge l\u00e4bi rullikute, integreerivad j\u00e4semete ja kere liikumise igas harjutuses, v\u00f5imaldades t\u00e4ielikku Pilatese harjutuste repertuaari ja enamatki.<\/p>\n<p>T\u00e4nu lihtsale lukustusmehhanismile saab reformeri h\u00f5lpsasti taastada selle tavap\u00e4rase funktsionaalsuse. Toode sisaldab Tri Loops aasu, mis pakuvad paremat k\u00e4te ja jalgade asendit, ning spetsiaalselt disainitud rullikuid, mis v\u00e4hendavad m\u00fcra ja suurendavad kasutusmugavust.<\/p>\n","protected":false},"excerpt":{"rendered":"<p>Innovatiivne s\u00fcsteem, mille on loonud Viktor Uygan, toetab kogu keha integreerimist ja tugevamat kerelihaste aktiveerimist. \u00dche k\u00f6iega s\u00fcsteem, millel on kinnituspunktid k\u00f5igile neljale j\u00e4semele, v\u00f5imaldab k\u00e4te ja jalgade iseseisvat ja samaaegset liikumist, tugevdades keret, k\u00e4si ja selga.  <\/p>\n<ul>\n<li>Laiendab treeninguv\u00f5imalusi reformeril<\/li>\n<li>\u00dche k\u00f6iega s\u00fcsteem kinnituspunktidega<\/li>\n<li>V\u00f5imaldab k\u00e4te ja jalgade iseseisvat ja samaaegset liikumist<\/li>\n<li>Parandab kogu keha integreerimist ja kerelihaste aktiveerimist<\/li>\n<li>Lihtne lukustusmehhanism reformeri standardfunktsiooni taastamiseks<\/li>\n<li>Disainitud: Studio Reformer<\/li>\n<\/ul>\n","protected":false},"featured_media":2451,"template":"","meta":{"_acf_changed":false,"_kad_post_transparent":"default","_kad_post_title":"","_kad_post_layout":"default","_kad_post_sidebar_id":"","_kad_post_content_style":"default","_kad_post_vertical_padding":"default","_kad_post_feature":"","_kad_post_feature_position":"","_kad_post_header":false,"_kad_post_footer":false,"_kad_post_classname":""},"product_brand":[],"product_cat":[136],"product_tag":[1224,1225,1226],"class_list":{"0":"post-2450","1":"product","2":"type-product","3":"status-publish","4":"has-post-thumbnail","6":"product_cat-konnectors","7":"product_tag-reformer-konnector","8":"product_tag-studio-konnector","9":"product_tag-studio-reformer-konnector","11":"first","12":"instock","13":"sold-individually","14":"shipping-taxable","15":"product-type-simple","16":"entry","17":"content-bg","18":"loop-entry"},"acf":[],"_links":{"self":[{"href":"https:\/\/balanced-body.ee\/et\/wp-json\/wp\/v2\/product\/2450","targetHints":{"allow":["GET"]}}],"collection":[{"href":"https:\/\/balanced-body.ee\/et\/wp-json\/wp\/v2\/product"}],"about":[{"href":"https:\/\/balanced-body.ee\/et\/wp-json\/wp\/v2\/types\/product"}],"wp:featuredmedia":[{"embeddable":true,"href":"https:\/\/balanced-body.ee\/et\/wp-json\/wp\/v2\/media\/2451"}],"wp:attachment":[{"href":"https:\/\/balanced-body.ee\/et\/wp-json\/wp\/v2\/media?parent=2450"}],"wp:term":[{"taxonomy":"product_brand","embeddable":true,"href":"https:\/\/balanced-body.ee\/et\/wp-json\/wp\/v2\/product_brand?post=2450"},{"taxonomy":"product_cat","embeddable":true,"href":"https:\/\/balanced-body.ee\/et\/wp-json\/wp\/v2\/product_cat?post=2450"},{"taxonomy":"product_tag","embeddable":true,"href":"https:\/\/balanced-body.ee\/et\/wp-json\/wp\/v2\/product_tag?post=2450"}],"curies":[{"name":"wp","href":"https:\/\/api.w.org\/{rel}","templated":true}]}}