{"id":2420,"date":"2025-08-30T08:16:16","date_gmt":"2025-08-30T08:16:16","guid":{"rendered":"https:\/\/balanced-body.ee\/product\/konnections-band\/"},"modified":"2025-11-20T10:01:38","modified_gmt":"2025-11-20T10:01:38","slug":"konnections-band","status":"publish","type":"product","link":"https:\/\/balanced-body.ee\/et\/konnections-band\/","title":{"rendered":"Konnections Band"},"content":{"rendered":"<p>T\u00f5sta oma Pilatese treening uuele tasemele Konnections Band\u2019iga \u2013 see innovatiivne treeningvahend \u00fchendab k\u00f5ik neli j\u00e4set, pakkudes tasakaalustatud ja t\u00f5husat treeningut. Elastsed aasad kummipaela m\u00f5lemas otsas v\u00f5imaldavad laia valikut harjutusi, integreerides ja koordineerides kere ja j\u00e4semete liikumist, mis parandab keha ja meele vahelist suhtlust.<\/p>\n<p>Konnections Band on loodud kasutaja mugavust silmas pidades \u2013 pol\u00fcesterkate hoiab \u00e4ra kulumise, ei kleepu naha k\u00fclge ega t\u00f5mba juukseid, muutes treeningu meeldivaks ja ohutuks. Olenemata oskuste tasemest kohandub kummipael sinu v\u00f5imetega, aidates arendada propriotseptsiooni, j\u00f5udu ja kehatunnetust.<\/p>\n<p>Konnections Band\u2019i mitmek\u00fclgsus teeb sellest ideaalse t\u00e4ienduse Pilatese treeningutesse \u2013 olgu see kodus, stuudios v\u00f5i reisil olles. Selle lihtne, kuid funktsionaalne disain pakub l\u00f5putuid treeninguv\u00f5imalusi, v\u00f5imaldades kaasata k\u00e4ed ja jalad viisil, mis parandab kiiresti tehnikat ja tulemusi.<\/p>\n","protected":false},"excerpt":{"rendered":"<p>Konnections Band on innovatiivne Pilatese treeningvahend, mis \u00fchendab k\u00f5ik neli j\u00e4set, pakkudes tasakaalustatud treeningut. Pol\u00fcestrist kate kaitseb elastiklinti kulumise eest ning elastsed aasad v\u00f5imaldavad laia valikut harjutusi. Lint on lateksivaba, mugav ja mitmek\u00fclgne \u2013 ideaalne treeninguks kodus, stuudios v\u00f5i reisil olles. Selle pikkus 213,3 cm v\u00f5imaldab t\u00e4ielikku liikumisvabadust, kaasates treeningu ajal nii keha kui ka meele.<\/p>\n<ul>\n<li>Pakku tasakaalustatud ja t\u00f5husat Pilatese treeningut<\/li>\n<li>\u00dcks kangaga kaetud lint, mille otstes on elastsed aasad<\/li>\n<li>V\u00f5imaldab k\u00e4te ja jalgade iseseisvat ja samaaegset liikumist<\/li>\n<li>Propriotseptiivne tagasiside<\/li>\n<li>Parandab j\u00f5udu ja kehatunnetust<\/li>\n<\/ul>\n","protected":false},"featured_media":2422,"template":"","meta":{"_acf_changed":false,"_kad_post_transparent":"default","_kad_post_title":"","_kad_post_layout":"default","_kad_post_sidebar_id":"","_kad_post_content_style":"default","_kad_post_vertical_padding":"default","_kad_post_feature":"","_kad_post_feature_position":"","_kad_post_header":false,"_kad_post_footer":false,"_kad_post_classname":""},"product_brand":[],"product_cat":[136],"product_tag":[1241,1242],"class_list":{"0":"post-2420","1":"product","2":"type-product","3":"status-publish","4":"has-post-thumbnail","6":"product_cat-konnectors","7":"product_tag-konnections","8":"product_tag-konnections-band","10":"first","11":"instock","12":"sold-individually","13":"shipping-taxable","14":"product-type-simple","15":"entry","16":"content-bg","17":"loop-entry"},"acf":[],"_links":{"self":[{"href":"https:\/\/balanced-body.ee\/et\/wp-json\/wp\/v2\/product\/2420","targetHints":{"allow":["GET"]}}],"collection":[{"href":"https:\/\/balanced-body.ee\/et\/wp-json\/wp\/v2\/product"}],"about":[{"href":"https:\/\/balanced-body.ee\/et\/wp-json\/wp\/v2\/types\/product"}],"wp:featuredmedia":[{"embeddable":true,"href":"https:\/\/balanced-body.ee\/et\/wp-json\/wp\/v2\/media\/2422"}],"wp:attachment":[{"href":"https:\/\/balanced-body.ee\/et\/wp-json\/wp\/v2\/media?parent=2420"}],"wp:term":[{"taxonomy":"product_brand","embeddable":true,"href":"https:\/\/balanced-body.ee\/et\/wp-json\/wp\/v2\/product_brand?post=2420"},{"taxonomy":"product_cat","embeddable":true,"href":"https:\/\/balanced-body.ee\/et\/wp-json\/wp\/v2\/product_cat?post=2420"},{"taxonomy":"product_tag","embeddable":true,"href":"https:\/\/balanced-body.ee\/et\/wp-json\/wp\/v2\/product_tag?post=2420"}],"curies":[{"name":"wp","href":"https:\/\/api.w.org\/{rel}","templated":true}]}}