{"id":2350,"date":"2025-08-30T08:19:34","date_gmt":"2025-08-30T08:19:34","guid":{"rendered":"https:\/\/balanced-body.ee\/product\/corealign\/"},"modified":"2025-11-20T10:01:34","modified_gmt":"2025-11-20T10:01:34","slug":"corealign","status":"publish","type":"product","link":"https:\/\/balanced-body.ee\/et\/corealign\/","title":{"rendered":"CoreAlign"},"content":{"rendered":"<p>CoreAlign on erakordne seade, mis on loodud enam kui 40-aastase kogemuse ja koost\u00f6\u00f6 p\u00f5hjal paljude \u00f5petajatega \u00fcle kogu maailma. Selle mitmek\u00fclgsust t\u00f5estab asjaolu, et seda saab kasutada nii taastusravis, sporditreeningutes kui ka body&amp;mind harjutustes ning selle abil saab teha sadu liikumisharjutusi.<\/p>\n<p>CoreAlign v\u00f5imaldab parandada r\u00fchti, tasakaalu ja funktsionaalset liikumist. Seda kasutatakse edukalt taastusravis \u2013 harjutusprogramm, mille t\u00f6\u00f6tas v\u00e4lja f\u00fcsioterapeut Jonathan Hoffman, toetab t\u00f5husalt lihas-skeleti s\u00fcsteemi taastusravi, stimuleerides stabiliseerivaid lihaseid s\u00fcgava venituse ja aeroobsete harjutuste ajal. Samas on CoreAlign suurep\u00e4rane t\u00f6\u00f6riist keha ja sportliku soorituse parandamiseks ning optimaalse vormi ja tervisliku eluviisi s\u00e4ilitamiseks. CoreAlign pakub l\u00f5busat ja v\u00e4ljakutseid esitavat treeningut. Kasutajad tunnevad erinevust juba p\u00e4rast esimest seanssi, olenemata nende v\u00f5imetest.<\/p>\n<p>CoreAlign koosneb raamistikust, mille sees liiguvad kahel rajal kahes suunas kaks iseseisvat kelku, millel on reguleeritav vastupanu, v\u00f5imaldades liikumist toetada.<\/p>\n<p>Kuigi CoreAlign v\u00f5imaldab iseseisvalt teha mitmesuguseid harjutusi, on selle t\u00e4ieliku funktsionaalsuse saavutamiseks vajalik lisavarustusena redel (seinale kinnitatav v\u00f5i vabalt seisev).<\/p>\n<p>Seadmele kehtib piiratud 5-aastane garantii.<\/p>\n","protected":false},"excerpt":{"rendered":"<p>Ainulaadne seade taastusraviks, \u00fcldise f\u00fc\u00fcsilise vormi parandamiseks ja sporditreeninguks. Seda kasutatakse keha ja meele, funktsionaalsete ning \u00fcldarendavate harjutuste jaoks, samuti tasakaalu ja k\u00f5nnaku parandamiseks.<\/p>\n<ul>\n<li>T\u00e4iuslik tugi taastusraviks ja sooritustreeninguks<\/li>\n<li>Stabiilne konstruktsioon, valmistatud tugevast vahtrapuust<\/li>\n<li>Vaikne ja sujuv liikumine t\u00e4nu topeltlaagritel ratastele<\/li>\n<li>Kaks iseseisvat k\u00e4rut<\/li>\n<li>Komplektis k\u00e4epidemed ja vastupanurihmad<\/li>\n<li>Lisavarustusena redel funktsionaalsuse suurendamiseks<\/li>\n<li>Piiratud 5-aastane garantii<\/li>\n<\/ul>\n","protected":false},"featured_media":2352,"template":"","meta":{"_acf_changed":false,"_kad_post_transparent":"default","_kad_post_title":"","_kad_post_layout":"default","_kad_post_sidebar_id":"","_kad_post_content_style":"default","_kad_post_vertical_padding":"default","_kad_post_feature":"","_kad_post_feature_position":"","_kad_post_header":false,"_kad_post_footer":false,"_kad_post_classname":""},"product_brand":[],"product_cat":[124],"product_tag":[302,322,323],"class_list":{"0":"post-2350","1":"product","2":"type-product","3":"status-publish","4":"has-post-thumbnail","6":"product_cat-muu","7":"product_tag-balanced-body","8":"product_tag-core-align","9":"product_tag-corealign","11":"first","12":"instock","13":"sold-individually","14":"shipping-taxable","15":"product-type-simple","16":"entry","17":"content-bg","18":"loop-entry"},"acf":[],"_links":{"self":[{"href":"https:\/\/balanced-body.ee\/et\/wp-json\/wp\/v2\/product\/2350","targetHints":{"allow":["GET"]}}],"collection":[{"href":"https:\/\/balanced-body.ee\/et\/wp-json\/wp\/v2\/product"}],"about":[{"href":"https:\/\/balanced-body.ee\/et\/wp-json\/wp\/v2\/types\/product"}],"wp:featuredmedia":[{"embeddable":true,"href":"https:\/\/balanced-body.ee\/et\/wp-json\/wp\/v2\/media\/2352"}],"wp:attachment":[{"href":"https:\/\/balanced-body.ee\/et\/wp-json\/wp\/v2\/media?parent=2350"}],"wp:term":[{"taxonomy":"product_brand","embeddable":true,"href":"https:\/\/balanced-body.ee\/et\/wp-json\/wp\/v2\/product_brand?post=2350"},{"taxonomy":"product_cat","embeddable":true,"href":"https:\/\/balanced-body.ee\/et\/wp-json\/wp\/v2\/product_cat?post=2350"},{"taxonomy":"product_tag","embeddable":true,"href":"https:\/\/balanced-body.ee\/et\/wp-json\/wp\/v2\/product_tag?post=2350"}],"curies":[{"name":"wp","href":"https:\/\/api.w.org\/{rel}","templated":true}]}}