{"id":2335,"date":"2025-08-30T08:19:50","date_gmt":"2025-08-30T08:19:50","guid":{"rendered":"https:\/\/balanced-body.ee\/product\/foot-corrector\/"},"modified":"2026-01-15T12:40:06","modified_gmt":"2026-01-15T12:40:06","slug":"foot-corrector","status":"publish","type":"product","link":"https:\/\/balanced-body.ee\/et\/foot-corrector\/","title":{"rendered":"Foot Corrector"},"content":{"rendered":"<p>Balanced Body Foot Corrector on treeninguvahend, mis on loodud koost\u00f6\u00f6s kogenud Pilatese \u00f5petajatega. Selle peamine eesm\u00e4rk on tugevdada ja t\u00f5sta jalav\u00f5lvi, parandada tasakaalu ning arendada korrektset k\u00f5nnakut. Seade sisaldab innovaatilisi lahendusi, nagu turvaline disain, mis v\u00e4listab v\u00f5imaluse jalga kogemata pigistada v\u00f5i nahka n\u00e4pistada \u2013 see lahendus on patenditaotluse all. Eriline konstruktsioon v\u00e4listab v\u00f5imaliku vigastuse v\u00f5i ebamugavustunde kasutamise ajal.<\/p>\n<p>\u00dcks Foot Corrector\u2019i peamisi eeliseid on selle mitmek\u00fclgsus. Seda saab kasutada m\u00f5lema jala treenimiseks, mis teeb sellest universaalse t\u00f6\u00f6riista nii tasakaalu kui ka jalgade tugevuse arendamiseks. Lisaks v\u00f5imaldab selle disain kasutada seadet ka pikemate ja laiemate jalgade puhul, muutes selle paindlikumaks ja kasutajas\u00f5bralikumaks.<\/p>\n<p>Toode on k\u00e4sitsi valmistatud, p\u00f6\u00f6rates suurt t\u00e4helepanu detailidele, mis tagab k\u00f5rge kvaliteedi ja t\u00f6\u00f6kindluse. Seade on saadaval kahe erineva vedrutugevusega (tugev ja kerge vastupanu), mis v\u00f5imaldab kohandada treeningut vastavalt kasutaja individuaalsetele vajadustele. Libisemiskindel pind on veel \u00fcks omadus, mis m\u00f5jutab treeningu mugavust \u2013 see tagab jala stabiilse asendi harjutuste ajal, mis on oluline nii treeningu t\u00f5hususe kui ka vigastuste ennetamise seisukohalt.<\/p>\n<p>Balanced Body Foot Corrector on arenenud treeninguvahend, mis on loodud jala tugevuse, tasakaalu ja \u00fcldise seisundi parandamiseks. T\u00e4nu oma innovatiivsetele lahendustele ja k\u00f5rgekvaliteedilisele disainile on see ideaalne tugi nii professionaalidele kui ka neile, kes soovivad hoida oma jalgu tervete ja heas vormis.<\/p>\n<p>Foot Corrector tuleb koos 10-aastase piiratud garantiiga.<\/p>\n","protected":false},"excerpt":{"rendered":"<p>Jalalaba korrektor, mis on loodud koost\u00f6\u00f6s juhtivate Pilatese \u00f5petajatega. Seade tugevdab jalatalla lihaseid ja t\u00f5stab jalav\u00f5lvi. See parandab kogu keha tasakaalu ja soodustab \u00f5iget k\u00f5nnakut.<\/p>\n<ul>\n<li>Kasutamiseks Pilatese treeningul, f\u00fcsioteraapias ja taastusravis<\/li>\n<li>Tugevdab ja t\u00f5stab jalav\u00f5lvi<\/li>\n<li>Parandab tasakaalu ja k\u00f5nnakut<\/li>\n<li>Varustatud kahe erineva takistustasemega vedrukomplektiga<\/li>\n<li>Unikaalne, k\u00e4sitsi valmistatud puidust disain teraselementidega<\/li>\n<li>M\u00f5eldud harjutusteks nii seistes kui istudes<\/li>\n<li>Universaalne \u2013 sobib m\u00f5lema jala treenimiseks, s\u00f5ltumata jala suurusest v\u00f5i laiusest<\/li>\n<li>Piiratud 10-aastane garantii<\/li>\n<\/ul>\n","protected":false},"featured_media":2337,"template":"","meta":{"_acf_changed":false,"_kad_post_transparent":"default","_kad_post_title":"","_kad_post_layout":"default","_kad_post_sidebar_id":"","_kad_post_content_style":"default","_kad_post_vertical_padding":"default","_kad_post_feature":"","_kad_post_feature_position":"","_kad_post_header":false,"_kad_post_footer":false,"_kad_post_classname":""},"product_brand":[],"product_cat":[124],"product_tag":[302,312,313],"class_list":{"0":"post-2335","1":"product","2":"type-product","3":"status-publish","4":"has-post-thumbnail","6":"product_cat-muu","7":"product_tag-balanced-body","8":"product_tag-corrector-food","9":"product_tag-foot-corrector","11":"first","12":"instock","13":"sold-individually","14":"shipping-taxable","15":"product-type-simple","16":"entry","17":"content-bg","18":"loop-entry"},"acf":[],"_links":{"self":[{"href":"https:\/\/balanced-body.ee\/et\/wp-json\/wp\/v2\/product\/2335","targetHints":{"allow":["GET"]}}],"collection":[{"href":"https:\/\/balanced-body.ee\/et\/wp-json\/wp\/v2\/product"}],"about":[{"href":"https:\/\/balanced-body.ee\/et\/wp-json\/wp\/v2\/types\/product"}],"wp:featuredmedia":[{"embeddable":true,"href":"https:\/\/balanced-body.ee\/et\/wp-json\/wp\/v2\/media\/2337"}],"wp:attachment":[{"href":"https:\/\/balanced-body.ee\/et\/wp-json\/wp\/v2\/media?parent=2335"}],"wp:term":[{"taxonomy":"product_brand","embeddable":true,"href":"https:\/\/balanced-body.ee\/et\/wp-json\/wp\/v2\/product_brand?post=2335"},{"taxonomy":"product_cat","embeddable":true,"href":"https:\/\/balanced-body.ee\/et\/wp-json\/wp\/v2\/product_cat?post=2335"},{"taxonomy":"product_tag","embeddable":true,"href":"https:\/\/balanced-body.ee\/et\/wp-json\/wp\/v2\/product_tag?post=2335"}],"curies":[{"name":"wp","href":"https:\/\/api.w.org\/{rel}","templated":true}]}}