{"id":2305,"date":"2025-08-30T08:21:01","date_gmt":"2025-08-30T08:21:01","guid":{"rendered":"https:\/\/balanced-body.ee\/product\/balanced-body-crewneck-sweatshirt\/"},"modified":"2025-11-20T10:01:33","modified_gmt":"2025-11-20T10:01:33","slug":"balanced-body-crewneck-sweatshirt","status":"publish","type":"product","link":"https:\/\/balanced-body.ee\/et\/balanced-body-crewneck-sweatshirt\/","title":{"rendered":"Balanced Body Crewneck Sweatshirt"},"content":{"rendered":"<p>Klassikaline logoga dressipluus on valmistatud kolmest kihist, millest iga\u00fchel on oma kindel funktsioon. Sisemine kiht, mis koosneb puuvilla ja pol\u00fcestri pehmest segust, tagab mugavuse ja soojuse, olles otseses kontaktis kehaga. Just see muudab dressipluusi pehmeks ja mugavaks.<\/p>\n<p>Keskmine kiht on 100% pol\u00fcester ja selle eesm\u00e4rk on suurendada dressipluusi paksust. See lisat\u00e4idis annab dressipluusile termilised omadused ja aitab kaitsta k\u00fclma eest.<\/p>\n<p>V\u00e4limine kiht on 100% pehme puuvill, mis koos vastupidava logoga loob \u00fchtse ja visuaalselt atraktiivse terviku.<\/p>\n<p>Lisaks on Balanced Body crewneck dressipluusil iseloomulikud detailid, nagu lihtsustatud l\u00f5ige, mis annab sellele modernse v\u00e4limuse. Kaeluses olev tugevdav kalasaba-teip parandab mugavust ja stabiilsust, ennetades kaeluse deformeerumist.<\/p>\n<p>L\u00f5ige kitsamate \u00f5lgade ja varrukatega annab dressipluusile kehasse t\u00f6\u00f6deldud ilme. \u00d5lgadel, varrukaotstes ja all\u00e4\u00e4res peidetud \u00f5mblused lisavad esteetilisust ja vastupidavust, samas kui k\u00fclje\u00f5mblused aitavad dressipluusil ideaalselt kandja kehakujuga sobituda.<\/p>\n","protected":false},"excerpt":{"rendered":"<p>Spordir\u00f5ivad, mis v\u00f5imaldavad sul v\u00e4ljendada oma kirge. Vali klassikaline dressipluus Balanced Body logoga. N\u00e4ita maailmale oma armastust Pilatese vastu. Mugav istuvus ja pehme kangas. Garanteerime kvaliteedi ja esteetilise v\u00e4limuse.  <\/p>\n<ul>\n<li>\u00dcmarakaelusega dressipluus Balanced Body logoga<\/li>\n<li>Kaasaegne, kehasse t\u00f6\u00f6deldud l\u00f5ige<\/li>\n<li>Suurused: S, M, L<\/li>\n<li>Valmistatud kolmekihilisest kangast vastupidavuse ja mugavuse tagamiseks<\/li>\n<li>Tagab termilise mugavuse<\/li>\n<li>R\u00f5ivad Pilatese entusiastidele<\/li>\n<\/ul>\n","protected":false},"featured_media":2307,"template":"","meta":{"_acf_changed":false,"_kad_post_transparent":"","_kad_post_title":"","_kad_post_layout":"","_kad_post_sidebar_id":"","_kad_post_content_style":"","_kad_post_vertical_padding":"","_kad_post_feature":"","_kad_post_feature_position":"","_kad_post_header":false,"_kad_post_footer":false,"_kad_post_classname":""},"product_brand":[],"product_cat":[124],"product_tag":[],"class_list":{"0":"post-2305","1":"product","2":"type-product","3":"status-publish","4":"has-post-thumbnail","6":"product_cat-muu","8":"first","9":"instock","10":"sold-individually","11":"shipping-taxable","12":"product-type-simple","13":"entry","14":"content-bg","15":"loop-entry"},"acf":[],"_links":{"self":[{"href":"https:\/\/balanced-body.ee\/et\/wp-json\/wp\/v2\/product\/2305","targetHints":{"allow":["GET"]}}],"collection":[{"href":"https:\/\/balanced-body.ee\/et\/wp-json\/wp\/v2\/product"}],"about":[{"href":"https:\/\/balanced-body.ee\/et\/wp-json\/wp\/v2\/types\/product"}],"wp:featuredmedia":[{"embeddable":true,"href":"https:\/\/balanced-body.ee\/et\/wp-json\/wp\/v2\/media\/2307"}],"wp:attachment":[{"href":"https:\/\/balanced-body.ee\/et\/wp-json\/wp\/v2\/media?parent=2305"}],"wp:term":[{"taxonomy":"product_brand","embeddable":true,"href":"https:\/\/balanced-body.ee\/et\/wp-json\/wp\/v2\/product_brand?post=2305"},{"taxonomy":"product_cat","embeddable":true,"href":"https:\/\/balanced-body.ee\/et\/wp-json\/wp\/v2\/product_cat?post=2305"},{"taxonomy":"product_tag","embeddable":true,"href":"https:\/\/balanced-body.ee\/et\/wp-json\/wp\/v2\/product_tag?post=2305"}],"curies":[{"name":"wp","href":"https:\/\/api.w.org\/{rel}","templated":true}]}}